{"id":595,"date":"2021-01-07T18:32:04","date_gmt":"2021-01-07T17:32:04","guid":{"rendered":"https:\/\/www.albarella.it\/esperienze\/sightseen-venezia\/"},"modified":"2021-05-06T11:18:47","modified_gmt":"2021-05-06T09:18:47","slug":"sightseen-venezia","status":"publish","type":"page","link":"https:\/\/www.albarella.it\/it\/esperienze\/sightseen-venezia\/","title":{"rendered":"Sightseeing Venezia"},"content":{"rendered":"<p>L&#8217;Isola di Albarella sorge a 80 km da Venezia, la citt\u00e0 pi\u00f9 spettacolare d&#8217;Italia. \u00c8 raggiungibile in auto fino a piazzale Roma dove poter parcheggiare, in treno da Rosolina o in traghetto partendo dal porto di Chioggia.<\/p>\n","protected":false},"excerpt":{"rendered":"<p>L&#8217;Isola di Albarella sorge a 80 km da Venezia, la citt\u00e0 pi\u00f9 spettacolare d&#8217;Italia. \u00c8 raggiungibile in auto fino a&hellip;<\/p>\n","protected":false},"author":1,"featured_media":2299,"parent":586,"menu_order":119,"comment_status":"closed","ping_status":"closed","template":"views\/template-sidebar.blade.php","meta":{"_acf_changed":false,"footnotes":""},"class_list":["post-595","page","type-page","status-publish","has-post-thumbnail","hentry"],"acf":[],"_links":{"self":[{"href":"https:\/\/www.albarella.it\/it\/wp-json\/wp\/v2\/pages\/595","targetHints":{"allow":["GET"]}}],"collection":[{"href":"https:\/\/www.albarella.it\/it\/wp-json\/wp\/v2\/pages"}],"about":[{"href":"https:\/\/www.albarella.it\/it\/wp-json\/wp\/v2\/types\/page"}],"author":[{"embeddable":true,"href":"https:\/\/www.albarella.it\/it\/wp-json\/wp\/v2\/users\/1"}],"replies":[{"embeddable":true,"href":"https:\/\/www.albarella.it\/it\/wp-json\/wp\/v2\/comments?post=595"}],"version-history":[{"count":1,"href":"https:\/\/www.albarella.it\/it\/wp-json\/wp\/v2\/pages\/595\/revisions"}],"predecessor-version":[{"id":6578,"href":"https:\/\/www.albarella.it\/it\/wp-json\/wp\/v2\/pages\/595\/revisions\/6578"}],"up":[{"embeddable":true,"href":"https:\/\/www.albarella.it\/it\/wp-json\/wp\/v2\/pages\/586"}],"wp:featuredmedia":[{"embeddable":true,"href":"https:\/\/www.albarella.it\/it\/wp-json\/wp\/v2\/media\/2299"}],"wp:attachment":[{"href":"https:\/\/www.albarella.it\/it\/wp-json\/wp\/v2\/media?parent=595"}],"curies":[{"name":"wp","href":"https:\/\/api.w.org\/{rel}","templated":true}]}}