{"id":5630,"date":"2021-03-25T21:54:11","date_gmt":"2021-03-25T20:54:11","guid":{"rendered":"https:\/\/www.albarella.it\/soggiorno-e-servizi\/"},"modified":"2022-03-29T12:14:40","modified_gmt":"2022-03-29T10:14:40","slug":"ihre-unterkunft","status":"publish","type":"page","link":"https:\/\/www.albarella.it\/de\/ihre-unterkunft\/","title":{"rendered":"Ihre Unterkunft"},"content":{"rendered":"<p>Tauchen Sie ein in die Natur von Albarella und w\u00e4hlen Sie Ihr Traumdomizil. Sie haben die Wahl zwischen Ferienh\u00e4user, Ferienwohnungen und Hotels am Strand oder am gro\u00dfen Naturpool der Fjorde, wo sich die untergehende Sonne im ruhigen Lagunenwasser spiegelt.<\/p>\n","protected":false},"excerpt":{"rendered":"<p>Tauchen Sie ein in die Natur von Albarella und w\u00e4hlen Sie Ihr Traumdomizil. Sie haben die Wahl zwischen Ferienh\u00e4user, Ferienwohnungen&hellip;<\/p>\n","protected":false},"author":6,"featured_media":5797,"parent":0,"menu_order":10,"comment_status":"closed","ping_status":"closed","template":"views\/template-archive-accommodation.blade.php","meta":{"_acf_changed":false,"footnotes":""},"class_list":["post-5630","page","type-page","status-publish","has-post-thumbnail","hentry"],"acf":[],"_links":{"self":[{"href":"https:\/\/www.albarella.it\/de\/wp-json\/wp\/v2\/pages\/5630","targetHints":{"allow":["GET"]}}],"collection":[{"href":"https:\/\/www.albarella.it\/de\/wp-json\/wp\/v2\/pages"}],"about":[{"href":"https:\/\/www.albarella.it\/de\/wp-json\/wp\/v2\/types\/page"}],"author":[{"embeddable":true,"href":"https:\/\/www.albarella.it\/de\/wp-json\/wp\/v2\/users\/6"}],"replies":[{"embeddable":true,"href":"https:\/\/www.albarella.it\/de\/wp-json\/wp\/v2\/comments?post=5630"}],"version-history":[{"count":11,"href":"https:\/\/www.albarella.it\/de\/wp-json\/wp\/v2\/pages\/5630\/revisions"}],"predecessor-version":[{"id":11464,"href":"https:\/\/www.albarella.it\/de\/wp-json\/wp\/v2\/pages\/5630\/revisions\/11464"}],"wp:featuredmedia":[{"embeddable":true,"href":"https:\/\/www.albarella.it\/de\/wp-json\/wp\/v2\/media\/5797"}],"wp:attachment":[{"href":"https:\/\/www.albarella.it\/de\/wp-json\/wp\/v2\/media?parent=5630"}],"curies":[{"name":"wp","href":"https:\/\/api.w.org\/{rel}","templated":true}]}}