{"id":5520,"date":"2021-03-12T11:55:17","date_gmt":"2021-03-12T10:55:17","guid":{"rendered":"https:\/\/www.albarella.it\/matrimoni\/"},"modified":"2023-02-03T14:38:27","modified_gmt":"2023-02-03T13:38:27","slug":"heiraten","status":"publish","type":"page","link":"https:\/\/www.albarella.it\/de\/heiraten\/","title":{"rendered":"Heiraten"},"content":{"rendered":"<p>Auf der Insel Albarella k\u00f6nnen Sie f\u00fcr Ihren Hochzeitstag mit dem Charme einer ganzen Insel rechnen. Albarella bietet eine gro\u00dfe Auswahl an L\u00f6sungen f\u00fcr die Organisation Ihres unvergesslichen Tages \u2013 von der Location, in der die Zeremonie stattfindet, bis hin zu den Serviceleistungen f\u00fcr das Catering und die Hochzeitsfeier.<\/p>\n<p>&nbsp;<\/p>\n","protected":false},"excerpt":{"rendered":"<p>Auf der Insel Albarella k\u00f6nnen Sie f\u00fcr Ihren Hochzeitstag mit dem Charme einer ganzen Insel rechnen. Albarella bietet eine gro\u00dfe&hellip;<\/p>\n","protected":false},"author":6,"featured_media":13574,"parent":0,"menu_order":30,"comment_status":"closed","ping_status":"closed","template":"","meta":{"_acf_changed":false,"footnotes":""},"class_list":["post-5520","page","type-page","status-publish","has-post-thumbnail","hentry"],"acf":[],"_links":{"self":[{"href":"https:\/\/www.albarella.it\/de\/wp-json\/wp\/v2\/pages\/5520","targetHints":{"allow":["GET"]}}],"collection":[{"href":"https:\/\/www.albarella.it\/de\/wp-json\/wp\/v2\/pages"}],"about":[{"href":"https:\/\/www.albarella.it\/de\/wp-json\/wp\/v2\/types\/page"}],"author":[{"embeddable":true,"href":"https:\/\/www.albarella.it\/de\/wp-json\/wp\/v2\/users\/6"}],"replies":[{"embeddable":true,"href":"https:\/\/www.albarella.it\/de\/wp-json\/wp\/v2\/comments?post=5520"}],"version-history":[{"count":11,"href":"https:\/\/www.albarella.it\/de\/wp-json\/wp\/v2\/pages\/5520\/revisions"}],"predecessor-version":[{"id":13602,"href":"https:\/\/www.albarella.it\/de\/wp-json\/wp\/v2\/pages\/5520\/revisions\/13602"}],"wp:featuredmedia":[{"embeddable":true,"href":"https:\/\/www.albarella.it\/de\/wp-json\/wp\/v2\/media\/13574"}],"wp:attachment":[{"href":"https:\/\/www.albarella.it\/de\/wp-json\/wp\/v2\/media?parent=5520"}],"curies":[{"name":"wp","href":"https:\/\/api.w.org\/{rel}","templated":true}]}}