{"id":5488,"date":"2021-01-07T18:32:04","date_gmt":"2021-01-07T17:32:04","guid":{"rendered":"https:\/\/www.albarella.it\/convenzioni\/"},"modified":"2026-03-05T15:11:50","modified_gmt":"2026-03-05T14:11:50","slug":"albarella-partner","status":"publish","type":"page","link":"https:\/\/www.albarella.it\/de\/albarella-partner\/","title":{"rendered":"Albarella: Partner"},"content":{"rendered":"<p>Entdecken Sie die Partnerschaftsvereinbarungen von Albarella mit Firmen oder Gruppen und profitieren Sie von g\u00fcnstigen Sondertarifen und -erm\u00e4\u00dfigungen.<\/p>\n","protected":false},"excerpt":{"rendered":"<p>Entdecken Sie die Partnerschaftsvereinbarungen von Albarella mit Firmen oder Gruppen und profitieren Sie von g\u00fcnstigen Sondertarifen und -erm\u00e4\u00dfigungen.<\/p>\n","protected":false},"author":6,"featured_media":0,"parent":0,"menu_order":90,"comment_status":"closed","ping_status":"closed","template":"","meta":{"_acf_changed":false,"footnotes":""},"class_list":["post-5488","page","type-page","status-publish","hentry"],"acf":[],"_links":{"self":[{"href":"https:\/\/www.albarella.it\/de\/wp-json\/wp\/v2\/pages\/5488","targetHints":{"allow":["GET"]}}],"collection":[{"href":"https:\/\/www.albarella.it\/de\/wp-json\/wp\/v2\/pages"}],"about":[{"href":"https:\/\/www.albarella.it\/de\/wp-json\/wp\/v2\/types\/page"}],"author":[{"embeddable":true,"href":"https:\/\/www.albarella.it\/de\/wp-json\/wp\/v2\/users\/6"}],"replies":[{"embeddable":true,"href":"https:\/\/www.albarella.it\/de\/wp-json\/wp\/v2\/comments?post=5488"}],"version-history":[{"count":10,"href":"https:\/\/www.albarella.it\/de\/wp-json\/wp\/v2\/pages\/5488\/revisions"}],"predecessor-version":[{"id":21481,"href":"https:\/\/www.albarella.it\/de\/wp-json\/wp\/v2\/pages\/5488\/revisions\/21481"}],"wp:attachment":[{"href":"https:\/\/www.albarella.it\/de\/wp-json\/wp\/v2\/media?parent=5488"}],"curies":[{"name":"wp","href":"https:\/\/api.w.org\/{rel}","templated":true}]}}