{"id":5476,"date":"2021-03-22T10:43:33","date_gmt":"2021-03-22T09:43:33","guid":{"rendered":"https:\/\/www.albarella.it\/thank-you\/"},"modified":"2022-02-21T12:27:03","modified_gmt":"2022-02-21T11:27:03","slug":"vielen-dank","status":"publish","type":"page","link":"https:\/\/www.albarella.it\/de\/vielen-dank\/","title":{"rendered":"Vielen Dank, dass Sie uns kontaktiert haben"},"content":{"rendered":"<p>Ihre Anfrage wurde ordnungsgem\u00e4\u00df \u00fcbermittelt.<br \/>\nWir werden Ihnen baldm\u00f6glichst antworten!<\/p>\n","protected":false},"excerpt":{"rendered":"<p>Ihre Anfrage wurde ordnungsgem\u00e4\u00df \u00fcbermittelt. Wir werden Ihnen baldm\u00f6glichst antworten!<\/p>\n","protected":false},"author":1,"featured_media":0,"parent":0,"menu_order":17,"comment_status":"closed","ping_status":"closed","template":"views\/template-thankyou.blade.php","meta":{"_acf_changed":false,"footnotes":""},"class_list":["post-5476","page","type-page","status-publish","hentry"],"acf":[],"_links":{"self":[{"href":"https:\/\/www.albarella.it\/de\/wp-json\/wp\/v2\/pages\/5476","targetHints":{"allow":["GET"]}}],"collection":[{"href":"https:\/\/www.albarella.it\/de\/wp-json\/wp\/v2\/pages"}],"about":[{"href":"https:\/\/www.albarella.it\/de\/wp-json\/wp\/v2\/types\/page"}],"author":[{"embeddable":true,"href":"https:\/\/www.albarella.it\/de\/wp-json\/wp\/v2\/users\/1"}],"replies":[{"embeddable":true,"href":"https:\/\/www.albarella.it\/de\/wp-json\/wp\/v2\/comments?post=5476"}],"version-history":[{"count":1,"href":"https:\/\/www.albarella.it\/de\/wp-json\/wp\/v2\/pages\/5476\/revisions"}],"predecessor-version":[{"id":10810,"href":"https:\/\/www.albarella.it\/de\/wp-json\/wp\/v2\/pages\/5476\/revisions\/10810"}],"wp:attachment":[{"href":"https:\/\/www.albarella.it\/de\/wp-json\/wp\/v2\/media?parent=5476"}],"curies":[{"name":"wp","href":"https:\/\/api.w.org\/{rel}","templated":true}]}}