{"id":5414,"date":"2021-01-07T18:32:04","date_gmt":"2021-01-07T17:32:04","guid":{"rendered":"https:\/\/www.albarella.it\/albarella-fuer-firmenevents\/spazi-esterni\/"},"modified":"2022-02-22T12:45:23","modified_gmt":"2022-02-22T11:45:23","slug":"outdoor-locations-fuer-events-auf-albarella","status":"publish","type":"page","link":"https:\/\/www.albarella.it\/de\/albarella-fuer-firmenevents\/outdoor-locations-fuer-events-auf-albarella\/","title":{"rendered":"Outdoor-Locations f\u00fcr Events auf Albarella"},"content":{"rendered":"<p>Die Insel Albarella ist wie geschaffen f\u00fcr Meetings, Teamaktivit\u00e4ten, Sportveranstaltungen und Events im Freien. Die verschiedenen Outdoor-Locations der Insel befinden sich im Gr\u00fcnen, nahe Strand und an der Lagune. Erfahren Sie mehr.<\/p>\n","protected":false},"excerpt":{"rendered":"<p>Die Insel Albarella ist wie geschaffen f\u00fcr Meetings, Teamaktivit\u00e4ten, Sportveranstaltungen und Events im Freien. Die verschiedenen Outdoor-Locations der Insel befinden&hellip;<\/p>\n","protected":false},"author":6,"featured_media":4790,"parent":5410,"menu_order":228,"comment_status":"closed","ping_status":"closed","template":"","meta":{"_acf_changed":false,"footnotes":""},"class_list":["post-5414","page","type-page","status-publish","has-post-thumbnail","hentry"],"acf":[],"_links":{"self":[{"href":"https:\/\/www.albarella.it\/de\/wp-json\/wp\/v2\/pages\/5414","targetHints":{"allow":["GET"]}}],"collection":[{"href":"https:\/\/www.albarella.it\/de\/wp-json\/wp\/v2\/pages"}],"about":[{"href":"https:\/\/www.albarella.it\/de\/wp-json\/wp\/v2\/types\/page"}],"author":[{"embeddable":true,"href":"https:\/\/www.albarella.it\/de\/wp-json\/wp\/v2\/users\/6"}],"replies":[{"embeddable":true,"href":"https:\/\/www.albarella.it\/de\/wp-json\/wp\/v2\/comments?post=5414"}],"version-history":[{"count":3,"href":"https:\/\/www.albarella.it\/de\/wp-json\/wp\/v2\/pages\/5414\/revisions"}],"predecessor-version":[{"id":10865,"href":"https:\/\/www.albarella.it\/de\/wp-json\/wp\/v2\/pages\/5414\/revisions\/10865"}],"up":[{"embeddable":true,"href":"https:\/\/www.albarella.it\/de\/wp-json\/wp\/v2\/pages\/5410"}],"wp:featuredmedia":[{"embeddable":true,"href":"https:\/\/www.albarella.it\/de\/wp-json\/wp\/v2\/media\/4790"}],"wp:attachment":[{"href":"https:\/\/www.albarella.it\/de\/wp-json\/wp\/v2\/media?parent=5414"}],"curies":[{"name":"wp","href":"https:\/\/api.w.org\/{rel}","templated":true}]}}