{"id":5378,"date":"2021-01-07T18:32:04","date_gmt":"2021-01-07T17:32:04","guid":{"rendered":"https:\/\/www.albarella.it\/team-building\/"},"modified":"2022-12-06T15:16:00","modified_gmt":"2022-12-06T14:16:00","slug":"teambildung-auf-albarella","status":"publish","type":"page","link":"https:\/\/www.albarella.it\/de\/albarella-fuer-firmenevents\/teambildung-auf-albarella\/","title":{"rendered":"Teambuilding auf Albarella"},"content":{"rendered":"<p>Spiel, Spa\u00df und Spannung verbinden sich hier mit einer kleinen Auszeit f\u00fcr K\u00f6rper und Seele inmitten einer herrlichen Natur.<\/p>\n","protected":false},"excerpt":{"rendered":"<p>Spiel, Spa\u00df und Spannung verbinden sich hier mit einer kleinen Auszeit f\u00fcr K\u00f6rper und Seele inmitten einer herrlichen Natur.<\/p>\n","protected":false},"author":6,"featured_media":3833,"parent":5410,"menu_order":224,"comment_status":"closed","ping_status":"closed","template":"views\/template-sidebar.blade.php","meta":{"_acf_changed":false,"footnotes":""},"class_list":["post-5378","page","type-page","status-publish","has-post-thumbnail","hentry"],"acf":[],"_links":{"self":[{"href":"https:\/\/www.albarella.it\/de\/wp-json\/wp\/v2\/pages\/5378","targetHints":{"allow":["GET"]}}],"collection":[{"href":"https:\/\/www.albarella.it\/de\/wp-json\/wp\/v2\/pages"}],"about":[{"href":"https:\/\/www.albarella.it\/de\/wp-json\/wp\/v2\/types\/page"}],"author":[{"embeddable":true,"href":"https:\/\/www.albarella.it\/de\/wp-json\/wp\/v2\/users\/6"}],"replies":[{"embeddable":true,"href":"https:\/\/www.albarella.it\/de\/wp-json\/wp\/v2\/comments?post=5378"}],"version-history":[{"count":4,"href":"https:\/\/www.albarella.it\/de\/wp-json\/wp\/v2\/pages\/5378\/revisions"}],"predecessor-version":[{"id":12924,"href":"https:\/\/www.albarella.it\/de\/wp-json\/wp\/v2\/pages\/5378\/revisions\/12924"}],"up":[{"embeddable":true,"href":"https:\/\/www.albarella.it\/de\/wp-json\/wp\/v2\/pages\/5410"}],"wp:featuredmedia":[{"embeddable":true,"href":"https:\/\/www.albarella.it\/de\/wp-json\/wp\/v2\/media\/3833"}],"wp:attachment":[{"href":"https:\/\/www.albarella.it\/de\/wp-json\/wp\/v2\/media?parent=5378"}],"curies":[{"name":"wp","href":"https:\/\/api.w.org\/{rel}","templated":true}]}}