{"id":5315,"date":"2021-02-26T10:31:31","date_gmt":"2021-02-26T09:31:31","guid":{"rendered":"https:\/\/www.albarella.it\/tagungen-und-konferenzen\/villa-ca-tiepolo\/"},"modified":"2023-02-03T14:34:05","modified_gmt":"2023-02-03T13:34:05","slug":"events-und-hochzeiten-in-der-villa-ca-tiepolo","status":"publish","type":"page","link":"https:\/\/www.albarella.it\/de\/albarella-fuer-firmenevents\/tagungen-und-konferenzen\/events-und-hochzeiten-in-der-villa-ca-tiepolo\/","title":{"rendered":"Events und Hochzeiten in der Villa \u201eCa Tiepolo&#8220;"},"content":{"rendered":"<p>Das restaurierte Jagdschloss aus dem 18. Jahrhundert mit stilvollem Flair und originalen M\u00f6beln ist der ideale Ort f\u00fcr exklusive Events mitten im Gr\u00fcnen.<\/p>\n","protected":false},"excerpt":{"rendered":"<p>Das restaurierte Jagdschloss aus dem 18. Jahrhundert mit stilvollem Flair und originalen M\u00f6beln ist der ideale Ort f\u00fcr exklusive Events&hellip;<\/p>\n","protected":false},"author":6,"featured_media":16671,"parent":5282,"menu_order":212,"comment_status":"closed","ping_status":"closed","template":"views\/template-sidebar.blade.php","meta":{"_acf_changed":false,"footnotes":""},"class_list":["post-5315","page","type-page","status-publish","has-post-thumbnail","hentry"],"acf":[],"_links":{"self":[{"href":"https:\/\/www.albarella.it\/de\/wp-json\/wp\/v2\/pages\/5315","targetHints":{"allow":["GET"]}}],"collection":[{"href":"https:\/\/www.albarella.it\/de\/wp-json\/wp\/v2\/pages"}],"about":[{"href":"https:\/\/www.albarella.it\/de\/wp-json\/wp\/v2\/types\/page"}],"author":[{"embeddable":true,"href":"https:\/\/www.albarella.it\/de\/wp-json\/wp\/v2\/users\/6"}],"replies":[{"embeddable":true,"href":"https:\/\/www.albarella.it\/de\/wp-json\/wp\/v2\/comments?post=5315"}],"version-history":[{"count":6,"href":"https:\/\/www.albarella.it\/de\/wp-json\/wp\/v2\/pages\/5315\/revisions"}],"predecessor-version":[{"id":13591,"href":"https:\/\/www.albarella.it\/de\/wp-json\/wp\/v2\/pages\/5315\/revisions\/13591"}],"up":[{"embeddable":true,"href":"https:\/\/www.albarella.it\/de\/wp-json\/wp\/v2\/pages\/5282"}],"wp:featuredmedia":[{"embeddable":true,"href":"https:\/\/www.albarella.it\/de\/wp-json\/wp\/v2\/media\/16671"}],"wp:attachment":[{"href":"https:\/\/www.albarella.it\/de\/wp-json\/wp\/v2\/media?parent=5315"}],"curies":[{"name":"wp","href":"https:\/\/api.w.org\/{rel}","templated":true}]}}