{"id":5301,"date":"2021-03-02T16:09:22","date_gmt":"2021-03-02T15:09:22","guid":{"rendered":"https:\/\/www.albarella.it\/tagungen-und-konferenzen\/sala-congressi-hotel-capo-nord\/"},"modified":"2023-10-13T15:09:06","modified_gmt":"2023-10-13T13:09:06","slug":"tagungsraum-im-hotel-capo-nord","status":"publish","type":"page","link":"https:\/\/www.albarella.it\/de\/albarella-fuer-firmenevents\/tagungen-und-konferenzen\/tagungsraum-im-hotel-capo-nord\/","title":{"rendered":"Tagungsraum im Hotel \u201eCapo Nord\u201c"},"content":{"rendered":"<p>Gro\u00dfes Restaurant, Wintergarten und Tagungsraum f\u00fcr bis zu 180 Personen gem\u00e4\u00df den aktuellen Covid 19-Vorschriften.<\/p>\n","protected":false},"excerpt":{"rendered":"<p>Gro\u00dfes Restaurant, Wintergarten und Tagungsraum f\u00fcr bis zu 180 Personen gem\u00e4\u00df den aktuellen Covid 19-Vorschriften.<\/p>\n","protected":false},"author":6,"featured_media":3726,"parent":5282,"menu_order":208,"comment_status":"closed","ping_status":"closed","template":"views\/template-sidebar.blade.php","meta":{"_acf_changed":false,"footnotes":""},"class_list":["post-5301","page","type-page","status-publish","has-post-thumbnail","hentry"],"acf":[],"_links":{"self":[{"href":"https:\/\/www.albarella.it\/de\/wp-json\/wp\/v2\/pages\/5301","targetHints":{"allow":["GET"]}}],"collection":[{"href":"https:\/\/www.albarella.it\/de\/wp-json\/wp\/v2\/pages"}],"about":[{"href":"https:\/\/www.albarella.it\/de\/wp-json\/wp\/v2\/types\/page"}],"author":[{"embeddable":true,"href":"https:\/\/www.albarella.it\/de\/wp-json\/wp\/v2\/users\/6"}],"replies":[{"embeddable":true,"href":"https:\/\/www.albarella.it\/de\/wp-json\/wp\/v2\/comments?post=5301"}],"version-history":[{"count":4,"href":"https:\/\/www.albarella.it\/de\/wp-json\/wp\/v2\/pages\/5301\/revisions"}],"predecessor-version":[{"id":16431,"href":"https:\/\/www.albarella.it\/de\/wp-json\/wp\/v2\/pages\/5301\/revisions\/16431"}],"up":[{"embeddable":true,"href":"https:\/\/www.albarella.it\/de\/wp-json\/wp\/v2\/pages\/5282"}],"wp:featuredmedia":[{"embeddable":true,"href":"https:\/\/www.albarella.it\/de\/wp-json\/wp\/v2\/media\/3726"}],"wp:attachment":[{"href":"https:\/\/www.albarella.it\/de\/wp-json\/wp\/v2\/media?parent=5301"}],"curies":[{"name":"wp","href":"https:\/\/api.w.org\/{rel}","templated":true}]}}