{"id":5235,"date":"2021-01-07T18:32:04","date_gmt":"2021-01-07T17:32:04","guid":{"rendered":"https:\/\/www.albarella.it\/famiglia\/"},"modified":"2022-03-09T14:09:01","modified_gmt":"2022-03-09T13:09:01","slug":"familie","status":"publish","type":"page","link":"https:\/\/www.albarella.it\/de\/familie\/","title":{"rendered":"Familie"},"content":{"rendered":"<p>Albarella ist das ideale Urlaubsziel f\u00fcr die ganze Familie. Die Ferieninsel bietet viel Abwechslung mit Kinderworkshops, Animationsprogramm, Gr\u00fcnanlagen, 24-Stunden-Sicherheitsdienst sowie verschiedenen Paketen und Sonderangeboten f\u00fcr Familien mit Kindern.<\/p>\n","protected":false},"excerpt":{"rendered":"<p>Albarella ist das ideale Urlaubsziel f\u00fcr die ganze Familie. Die Ferieninsel bietet viel Abwechslung mit Kinderworkshops, Animationsprogramm, Gr\u00fcnanlagen, 24-Stunden-Sicherheitsdienst sowie&hellip;<\/p>\n","protected":false},"author":6,"featured_media":5236,"parent":0,"menu_order":168,"comment_status":"closed","ping_status":"closed","template":"","meta":{"_acf_changed":false,"footnotes":""},"class_list":["post-5235","page","type-page","status-publish","has-post-thumbnail","hentry"],"acf":[],"_links":{"self":[{"href":"https:\/\/www.albarella.it\/de\/wp-json\/wp\/v2\/pages\/5235","targetHints":{"allow":["GET"]}}],"collection":[{"href":"https:\/\/www.albarella.it\/de\/wp-json\/wp\/v2\/pages"}],"about":[{"href":"https:\/\/www.albarella.it\/de\/wp-json\/wp\/v2\/types\/page"}],"author":[{"embeddable":true,"href":"https:\/\/www.albarella.it\/de\/wp-json\/wp\/v2\/users\/6"}],"replies":[{"embeddable":true,"href":"https:\/\/www.albarella.it\/de\/wp-json\/wp\/v2\/comments?post=5235"}],"version-history":[{"count":9,"href":"https:\/\/www.albarella.it\/de\/wp-json\/wp\/v2\/pages\/5235\/revisions"}],"predecessor-version":[{"id":11358,"href":"https:\/\/www.albarella.it\/de\/wp-json\/wp\/v2\/pages\/5235\/revisions\/11358"}],"wp:featuredmedia":[{"embeddable":true,"href":"https:\/\/www.albarella.it\/de\/wp-json\/wp\/v2\/media\/5236"}],"wp:attachment":[{"href":"https:\/\/www.albarella.it\/de\/wp-json\/wp\/v2\/media?parent=5235"}],"curies":[{"name":"wp","href":"https:\/\/api.w.org\/{rel}","templated":true}]}}