{"id":5071,"date":"2021-01-07T18:32:04","date_gmt":"2021-01-07T17:32:04","guid":{"rendered":"https:\/\/www.albarella.it\/il-porto\/"},"modified":"2025-11-11T15:38:06","modified_gmt":"2025-11-11T14:38:06","slug":"der-hafen-von-albarella-urlaub-mit-dem-boot","status":"publish","type":"page","link":"https:\/\/www.albarella.it\/de\/territorium\/der-hafen-von-albarella-urlaub-mit-dem-boot\/","title":{"rendered":"Der Hafen von Albarella: Urlaub mit dem Boot"},"content":{"rendered":"<p>Albarella ist leicht mit dem eigenen Boot zu erreichen. G\u00e4ste k\u00f6nnen im Yachthafen anlegen und die Serviceangebote der Insel nutzen. Doch das ist noch nicht alles: Es besteht auch die M\u00f6glichkeit, Boote zu mieten und an Ausfl\u00fcgen und Sportaktivit\u00e4ten teilzunehmen.<\/p>\n","protected":false},"excerpt":{"rendered":"<p>Albarella ist leicht mit dem eigenen Boot zu erreichen. G\u00e4ste k\u00f6nnen im Yachthafen anlegen und die Serviceangebote der Insel nutzen.&hellip;<\/p>\n","protected":false},"author":6,"featured_media":5073,"parent":15973,"menu_order":72,"comment_status":"closed","ping_status":"closed","template":"views\/template-sidebar.blade.php","meta":{"_acf_changed":false,"footnotes":""},"class_list":["post-5071","page","type-page","status-publish","has-post-thumbnail","hentry"],"acf":[],"_links":{"self":[{"href":"https:\/\/www.albarella.it\/de\/wp-json\/wp\/v2\/pages\/5071","targetHints":{"allow":["GET"]}}],"collection":[{"href":"https:\/\/www.albarella.it\/de\/wp-json\/wp\/v2\/pages"}],"about":[{"href":"https:\/\/www.albarella.it\/de\/wp-json\/wp\/v2\/types\/page"}],"author":[{"embeddable":true,"href":"https:\/\/www.albarella.it\/de\/wp-json\/wp\/v2\/users\/6"}],"replies":[{"embeddable":true,"href":"https:\/\/www.albarella.it\/de\/wp-json\/wp\/v2\/comments?post=5071"}],"version-history":[{"count":18,"href":"https:\/\/www.albarella.it\/de\/wp-json\/wp\/v2\/pages\/5071\/revisions"}],"predecessor-version":[{"id":20988,"href":"https:\/\/www.albarella.it\/de\/wp-json\/wp\/v2\/pages\/5071\/revisions\/20988"}],"up":[{"embeddable":true,"href":"https:\/\/www.albarella.it\/de\/wp-json\/wp\/v2\/pages\/15973"}],"wp:featuredmedia":[{"embeddable":true,"href":"https:\/\/www.albarella.it\/de\/wp-json\/wp\/v2\/media\/5073"}],"wp:attachment":[{"href":"https:\/\/www.albarella.it\/de\/wp-json\/wp\/v2\/media?parent=5071"}],"curies":[{"name":"wp","href":"https:\/\/api.w.org\/{rel}","templated":true}]}}