{"id":5056,"date":"2021-01-07T18:32:04","date_gmt":"2021-01-07T17:32:04","guid":{"rendered":"https:\/\/www.albarella.it\/i-dintorni\/"},"modified":"2022-03-09T11:18:10","modified_gmt":"2022-03-09T10:18:10","slug":"ausflugsziele-in-der-umgebung-von-albarella","status":"publish","type":"page","link":"https:\/\/www.albarella.it\/de\/territorium\/ausflugsziele-in-der-umgebung-von-albarella\/","title":{"rendered":"Ausflugsziele in der Umgebung von Albarella"},"content":{"rendered":"<p>Albarella liegt in der N\u00e4he zahlreicher St\u00e4dte, deren Geschichte und Kunstsch\u00e4tze zum Entdecken einladen: das zauberhafte Venedig (80 km), das romantische St\u00e4dtchen Chioggia mit seinem Fischereihafen (30 km), das historische Adria (25 km) und viele mehr. Die St\u00e4dte sind mit dem Auto, dem Boot und \u2013 f\u00fcr die Fittesten \u2013 auch mit dem Fahrrad erreichbar.<\/p>\n","protected":false},"excerpt":{"rendered":"<p>Albarella liegt in der N\u00e4he zahlreicher St\u00e4dte, deren Geschichte und Kunstsch\u00e4tze zum Entdecken einladen: das zauberhafte Venedig (80 km), das&hellip;<\/p>\n","protected":false},"author":6,"featured_media":4607,"parent":15973,"menu_order":68,"comment_status":"closed","ping_status":"closed","template":"views\/template-sidebar.blade.php","meta":{"_acf_changed":false,"footnotes":""},"class_list":["post-5056","page","type-page","status-publish","has-post-thumbnail","hentry"],"acf":[],"_links":{"self":[{"href":"https:\/\/www.albarella.it\/de\/wp-json\/wp\/v2\/pages\/5056","targetHints":{"allow":["GET"]}}],"collection":[{"href":"https:\/\/www.albarella.it\/de\/wp-json\/wp\/v2\/pages"}],"about":[{"href":"https:\/\/www.albarella.it\/de\/wp-json\/wp\/v2\/types\/page"}],"author":[{"embeddable":true,"href":"https:\/\/www.albarella.it\/de\/wp-json\/wp\/v2\/users\/6"}],"replies":[{"embeddable":true,"href":"https:\/\/www.albarella.it\/de\/wp-json\/wp\/v2\/comments?post=5056"}],"version-history":[{"count":5,"href":"https:\/\/www.albarella.it\/de\/wp-json\/wp\/v2\/pages\/5056\/revisions"}],"predecessor-version":[{"id":11327,"href":"https:\/\/www.albarella.it\/de\/wp-json\/wp\/v2\/pages\/5056\/revisions\/11327"}],"up":[{"embeddable":true,"href":"https:\/\/www.albarella.it\/de\/wp-json\/wp\/v2\/pages\/15973"}],"wp:featuredmedia":[{"embeddable":true,"href":"https:\/\/www.albarella.it\/de\/wp-json\/wp\/v2\/media\/4607"}],"wp:attachment":[{"href":"https:\/\/www.albarella.it\/de\/wp-json\/wp\/v2\/media?parent=5056"}],"curies":[{"name":"wp","href":"https:\/\/api.w.org\/{rel}","templated":true}]}}