{"id":5021,"date":"2021-01-07T18:32:04","date_gmt":"2021-01-07T17:32:04","guid":{"rendered":"https:\/\/www.albarella.it\/sostenibilita\/"},"modified":"2023-05-23T14:38:49","modified_gmt":"2023-05-23T12:38:49","slug":"nachhaltigkeit-auf-albarella","status":"publish","type":"page","link":"https:\/\/www.albarella.it\/de\/territorium\/nachhaltigkeit-auf-albarella\/","title":{"rendered":"Nachhaltigkeit auf Albarella"},"content":{"rendered":"<p>Urlaub auf Albarella bedeutet nicht nur, einzutauchen in die herrliche Natur des Po-Deltas, sondern auch einen konkreten Beitrag zum Schutz und Erhalt der Umwelt zu leisten. Denn Wohlbefinden und Umweltschutz gehen hier Hand in Hand. Die Insel unterh\u00e4lt zahlreiche Projekte f\u00fcr eine zunehmend nachhaltige Zukunft. Dazu geh\u00f6ren die F\u00f6rderung umweltfreundlichen Verhaltens der G\u00e4ste ebenso wie Investitionen in konkrete Projekte zur hundertprozentigen Wiederverwendung von Wasser, zur F\u00f6rderung der Artenvielfalt, zur Reduzierung der CO2-Emissionen und zur nachhaltigen Mobilit\u00e4t.<\/p>\n","protected":false},"excerpt":{"rendered":"<p>Urlaub auf Albarella bedeutet nicht nur, einzutauchen in die herrliche Natur des Po-Deltas, sondern auch einen konkreten Beitrag zum Schutz&hellip;<\/p>\n","protected":false},"author":6,"featured_media":5023,"parent":15973,"menu_order":62,"comment_status":"closed","ping_status":"closed","template":"views\/template-sidebar.blade.php","meta":{"_acf_changed":false,"footnotes":""},"class_list":["post-5021","page","type-page","status-publish","has-post-thumbnail","hentry"],"acf":[],"_links":{"self":[{"href":"https:\/\/www.albarella.it\/de\/wp-json\/wp\/v2\/pages\/5021","targetHints":{"allow":["GET"]}}],"collection":[{"href":"https:\/\/www.albarella.it\/de\/wp-json\/wp\/v2\/pages"}],"about":[{"href":"https:\/\/www.albarella.it\/de\/wp-json\/wp\/v2\/types\/page"}],"author":[{"embeddable":true,"href":"https:\/\/www.albarella.it\/de\/wp-json\/wp\/v2\/users\/6"}],"replies":[{"embeddable":true,"href":"https:\/\/www.albarella.it\/de\/wp-json\/wp\/v2\/comments?post=5021"}],"version-history":[{"count":11,"href":"https:\/\/www.albarella.it\/de\/wp-json\/wp\/v2\/pages\/5021\/revisions"}],"predecessor-version":[{"id":14745,"href":"https:\/\/www.albarella.it\/de\/wp-json\/wp\/v2\/pages\/5021\/revisions\/14745"}],"up":[{"embeddable":true,"href":"https:\/\/www.albarella.it\/de\/wp-json\/wp\/v2\/pages\/15973"}],"wp:featuredmedia":[{"embeddable":true,"href":"https:\/\/www.albarella.it\/de\/wp-json\/wp\/v2\/media\/5023"}],"wp:attachment":[{"href":"https:\/\/www.albarella.it\/de\/wp-json\/wp\/v2\/media?parent=5021"}],"curies":[{"name":"wp","href":"https:\/\/api.w.org\/{rel}","templated":true}]}}