{"id":5004,"date":"2021-01-07T18:32:04","date_gmt":"2021-01-07T17:32:04","guid":{"rendered":"https:\/\/www.albarella.it\/albarella\/"},"modified":"2024-06-13T09:46:11","modified_gmt":"2024-06-13T07:46:11","slug":"entdecken-sie-albarella","status":"publish","type":"page","link":"https:\/\/www.albarella.it\/de\/territorium\/entdecken-sie-albarella\/","title":{"rendered":"Entdecken Sie Albarella"},"content":{"rendered":"<p>Eine Insel &#8211; eingebettet in den <a href=\"https:\/\/www.albarella.it\/de\/po-delta-park\/\">Naturpark des Po-Deltas<\/a>, die \u00fcber eine Panorama-Dammstra\u00dfe und eine kleine Br\u00fccke mit dem Festland verbunden ist. Sie umfasst eine Fl\u00e4che von 528 Hektar mit gro\u00dfartiger Mittelmeervegetation (Macchia), zwei Millionen B\u00e4ume mit 150 verschiedenen Baumarten, darunter die Strandkiefer und die Silberpappel (lat. &#8222;Populus Alba&#8220;), die der Insel ihren Namen verdankt. Ein ideales Urlaubsziel f\u00fcr Sportler und Familien, das dank seiner Infrastruktur und der Sicherheit &#8211; aufgrund des kontrollierten Inselzugangs &#8211; zu einem unvergesslichen Urlaub einl\u00e4dt.<\/p>\n","protected":false},"excerpt":{"rendered":"<p>Eine Insel &#8211; eingebettet in den Naturpark des Po-Deltas, die \u00fcber eine Panorama-Dammstra\u00dfe und eine kleine Br\u00fccke mit dem Festland&hellip;<\/p>\n","protected":false},"author":6,"featured_media":5006,"parent":15973,"menu_order":49,"comment_status":"closed","ping_status":"closed","template":"views\/template-sidebar.blade.php","meta":{"_acf_changed":false,"footnotes":""},"class_list":["post-5004","page","type-page","status-publish","has-post-thumbnail","hentry"],"acf":[],"_links":{"self":[{"href":"https:\/\/www.albarella.it\/de\/wp-json\/wp\/v2\/pages\/5004","targetHints":{"allow":["GET"]}}],"collection":[{"href":"https:\/\/www.albarella.it\/de\/wp-json\/wp\/v2\/pages"}],"about":[{"href":"https:\/\/www.albarella.it\/de\/wp-json\/wp\/v2\/types\/page"}],"author":[{"embeddable":true,"href":"https:\/\/www.albarella.it\/de\/wp-json\/wp\/v2\/users\/6"}],"replies":[{"embeddable":true,"href":"https:\/\/www.albarella.it\/de\/wp-json\/wp\/v2\/comments?post=5004"}],"version-history":[{"count":11,"href":"https:\/\/www.albarella.it\/de\/wp-json\/wp\/v2\/pages\/5004\/revisions"}],"predecessor-version":[{"id":18341,"href":"https:\/\/www.albarella.it\/de\/wp-json\/wp\/v2\/pages\/5004\/revisions\/18341"}],"up":[{"embeddable":true,"href":"https:\/\/www.albarella.it\/de\/wp-json\/wp\/v2\/pages\/15973"}],"wp:featuredmedia":[{"embeddable":true,"href":"https:\/\/www.albarella.it\/de\/wp-json\/wp\/v2\/media\/5006"}],"wp:attachment":[{"href":"https:\/\/www.albarella.it\/de\/wp-json\/wp\/v2\/media?parent=5004"}],"curies":[{"name":"wp","href":"https:\/\/api.w.org\/{rel}","templated":true}]}}