{"id":4984,"date":"2021-01-07T18:32:04","date_gmt":"2021-01-07T17:32:04","guid":{"rendered":"https:\/\/www.albarella.it\/shopping\/"},"modified":"2022-11-09T09:16:04","modified_gmt":"2022-11-09T08:16:04","slug":"shoppen-auf-albarella","status":"publish","type":"page","link":"https:\/\/www.albarella.it\/de\/erlebnisinsel\/shoppen-auf-albarella\/","title":{"rendered":"Shoppen auf Albarella"},"content":{"rendered":"<p>Albarella bedeutet auch Einkaufen. Und zwar jeder Art und f\u00fcr jeden Geschmack: Lebensmittel, Mode, Schmuck, Uhren, Souvenirs, Parfums und vieles mehr erwarten Sie t\u00e4glich in den zahlreichen \u00fcber die ganze Insel verteilten Gesch\u00e4ften.<\/p>\n","protected":false},"excerpt":{"rendered":"<p>Albarella bedeutet auch Einkaufen. Und zwar jeder Art und f\u00fcr jeden Geschmack: Lebensmittel, Mode, Schmuck, Uhren, Souvenirs, Parfums und vieles&hellip;<\/p>\n","protected":false},"author":6,"featured_media":4667,"parent":5247,"menu_order":136,"comment_status":"closed","ping_status":"closed","template":"views\/template-sidebar.blade.php","meta":{"_acf_changed":false,"footnotes":""},"class_list":["post-4984","page","type-page","status-publish","has-post-thumbnail","hentry"],"acf":[],"_links":{"self":[{"href":"https:\/\/www.albarella.it\/de\/wp-json\/wp\/v2\/pages\/4984","targetHints":{"allow":["GET"]}}],"collection":[{"href":"https:\/\/www.albarella.it\/de\/wp-json\/wp\/v2\/pages"}],"about":[{"href":"https:\/\/www.albarella.it\/de\/wp-json\/wp\/v2\/types\/page"}],"author":[{"embeddable":true,"href":"https:\/\/www.albarella.it\/de\/wp-json\/wp\/v2\/users\/6"}],"replies":[{"embeddable":true,"href":"https:\/\/www.albarella.it\/de\/wp-json\/wp\/v2\/comments?post=4984"}],"version-history":[{"count":4,"href":"https:\/\/www.albarella.it\/de\/wp-json\/wp\/v2\/pages\/4984\/revisions"}],"predecessor-version":[{"id":12780,"href":"https:\/\/www.albarella.it\/de\/wp-json\/wp\/v2\/pages\/4984\/revisions\/12780"}],"up":[{"embeddable":true,"href":"https:\/\/www.albarella.it\/de\/wp-json\/wp\/v2\/pages\/5247"}],"wp:featuredmedia":[{"embeddable":true,"href":"https:\/\/www.albarella.it\/de\/wp-json\/wp\/v2\/media\/4667"}],"wp:attachment":[{"href":"https:\/\/www.albarella.it\/de\/wp-json\/wp\/v2\/media?parent=4984"}],"curies":[{"name":"wp","href":"https:\/\/api.w.org\/{rel}","templated":true}]}}