{"id":4949,"date":"2021-01-07T18:32:04","date_gmt":"2021-01-07T17:32:04","guid":{"rendered":"https:\/\/www.albarella.it\/ristorazione\/"},"modified":"2025-07-18T17:34:11","modified_gmt":"2025-07-18T15:34:11","slug":"kulinarik-auf-albarella","status":"publish","type":"page","link":"https:\/\/www.albarella.it\/de\/erlebnisinsel\/kulinarik-auf-albarella\/","title":{"rendered":"Kulinarik auf Albarella"},"content":{"rendered":"<p>Auf Albarella haben Sie die Wahl zwischen mehr als zehn Lokalen zum Mittagessen, Abendessen oder zum Aperitif am Strand. Je nachdem, welche Tageszeit, kulinarischen Gen\u00fcsse oder Atmosph\u00e4re Sie w\u00fcnschen, f\u00fcr jeden Geschmack ist immer etwas dabei. Erfahren Sie mehr!<\/p>\n","protected":false},"excerpt":{"rendered":"<p>Auf Albarella haben Sie die Wahl zwischen mehr als zehn Lokalen zum Mittagessen, Abendessen oder zum Aperitif am Strand. Je&hellip;<\/p>\n","protected":false},"author":6,"featured_media":20544,"parent":5247,"menu_order":128,"comment_status":"closed","ping_status":"closed","template":"views\/template-sidebar.blade.php","meta":{"_acf_changed":false,"footnotes":""},"class_list":["post-4949","page","type-page","status-publish","has-post-thumbnail","hentry"],"acf":[],"_links":{"self":[{"href":"https:\/\/www.albarella.it\/de\/wp-json\/wp\/v2\/pages\/4949","targetHints":{"allow":["GET"]}}],"collection":[{"href":"https:\/\/www.albarella.it\/de\/wp-json\/wp\/v2\/pages"}],"about":[{"href":"https:\/\/www.albarella.it\/de\/wp-json\/wp\/v2\/types\/page"}],"author":[{"embeddable":true,"href":"https:\/\/www.albarella.it\/de\/wp-json\/wp\/v2\/users\/6"}],"replies":[{"embeddable":true,"href":"https:\/\/www.albarella.it\/de\/wp-json\/wp\/v2\/comments?post=4949"}],"version-history":[{"count":38,"href":"https:\/\/www.albarella.it\/de\/wp-json\/wp\/v2\/pages\/4949\/revisions"}],"predecessor-version":[{"id":20590,"href":"https:\/\/www.albarella.it\/de\/wp-json\/wp\/v2\/pages\/4949\/revisions\/20590"}],"up":[{"embeddable":true,"href":"https:\/\/www.albarella.it\/de\/wp-json\/wp\/v2\/pages\/5247"}],"wp:featuredmedia":[{"embeddable":true,"href":"https:\/\/www.albarella.it\/de\/wp-json\/wp\/v2\/media\/20544"}],"wp:attachment":[{"href":"https:\/\/www.albarella.it\/de\/wp-json\/wp\/v2\/media?parent=4949"}],"curies":[{"name":"wp","href":"https:\/\/api.w.org\/{rel}","templated":true}]}}