{"id":4859,"date":"2021-01-07T18:32:04","date_gmt":"2021-01-07T17:32:04","guid":{"rendered":"https:\/\/www.albarella.it\/delta-del-po\/"},"modified":"2023-11-27T16:00:43","modified_gmt":"2023-11-27T15:00:43","slug":"naturpark-po-delta","status":"publish","type":"page","link":"https:\/\/www.albarella.it\/de\/erlebnisinsel\/naturpark-po-delta\/","title":{"rendered":"Naturpark Po-Delta"},"content":{"rendered":"<p>Die Insel Albarella liegt inmitten des Regionalparks Po-Delta, der seit 2015 zum UNESCO-Weltnaturerbe geh\u00f6rt, zwischen Lagunen und sogenannten \u201eValli da Pesca\u201c, den hier typischen Brackwasserbereichen, die f\u00fcr die Fischzucht und den Fischfang abgetrennt wurden. Diese unber\u00fchrte Natur zwischen Fluss, Meer und Lagune ist die Heimat von mehr als 350 Wildvogelarten, darunter die spektakul\u00e4ren Rosaflamingos.<\/p>\n","protected":false},"excerpt":{"rendered":"<p>Die Insel Albarella liegt inmitten des Regionalparks Po-Delta, der seit 2015 zum UNESCO-Weltnaturerbe geh\u00f6rt, zwischen Lagunen und sogenannten \u201eValli da&hellip;<\/p>\n","protected":false},"author":6,"featured_media":0,"parent":5247,"menu_order":114,"comment_status":"closed","ping_status":"closed","template":"views\/template-sidebar.blade.php","meta":{"_acf_changed":false,"footnotes":""},"class_list":["post-4859","page","type-page","status-publish","hentry"],"acf":[],"_links":{"self":[{"href":"https:\/\/www.albarella.it\/de\/wp-json\/wp\/v2\/pages\/4859","targetHints":{"allow":["GET"]}}],"collection":[{"href":"https:\/\/www.albarella.it\/de\/wp-json\/wp\/v2\/pages"}],"about":[{"href":"https:\/\/www.albarella.it\/de\/wp-json\/wp\/v2\/types\/page"}],"author":[{"embeddable":true,"href":"https:\/\/www.albarella.it\/de\/wp-json\/wp\/v2\/users\/6"}],"replies":[{"embeddable":true,"href":"https:\/\/www.albarella.it\/de\/wp-json\/wp\/v2\/comments?post=4859"}],"version-history":[{"count":13,"href":"https:\/\/www.albarella.it\/de\/wp-json\/wp\/v2\/pages\/4859\/revisions"}],"predecessor-version":[{"id":16901,"href":"https:\/\/www.albarella.it\/de\/wp-json\/wp\/v2\/pages\/4859\/revisions\/16901"}],"up":[{"embeddable":true,"href":"https:\/\/www.albarella.it\/de\/wp-json\/wp\/v2\/pages\/5247"}],"wp:attachment":[{"href":"https:\/\/www.albarella.it\/de\/wp-json\/wp\/v2\/media?parent=4859"}],"curies":[{"name":"wp","href":"https:\/\/api.w.org\/{rel}","templated":true}]}}