{"id":4807,"date":"2021-01-07T18:32:04","date_gmt":"2021-01-07T17:32:04","guid":{"rendered":"https:\/\/www.albarella.it\/animazione-e-fitness\/"},"modified":"2022-02-16T11:29:58","modified_gmt":"2022-02-16T10:29:58","slug":"animation-und-fitness","status":"publish","type":"page","link":"https:\/\/www.albarella.it\/de\/erlebnisinsel\/animation-und-fitness\/","title":{"rendered":"Animation und Fitness"},"content":{"rendered":"<p>Spiele, Workshops, Sport und Veranstaltungen: das Animationsprogramm auf Albarella bietet Erwachsenen und Kindern aller Altersgruppen viele M\u00f6glichkeiten der Freizeitgestaltung mit spannenden Spielen und sportlichen Aktivit\u00e4ten. Sportbegeisterte k\u00f6nnen sich auf Fitnesskurse mit Gruppenunterricht und Workouts im Fitnesscenter oder im Krafttrainingsbereich freuen.<\/p>\n","protected":false},"excerpt":{"rendered":"<p>Spiele, Workshops, Sport und Veranstaltungen: das Animationsprogramm auf Albarella bietet Erwachsenen und Kindern aller Altersgruppen viele M\u00f6glichkeiten der Freizeitgestaltung mit&hellip;<\/p>\n","protected":false},"author":6,"featured_media":4808,"parent":5247,"menu_order":107,"comment_status":"closed","ping_status":"closed","template":"views\/template-sidebar.blade.php","meta":{"_acf_changed":false,"footnotes":""},"class_list":["post-4807","page","type-page","status-publish","has-post-thumbnail","hentry"],"acf":[],"_links":{"self":[{"href":"https:\/\/www.albarella.it\/de\/wp-json\/wp\/v2\/pages\/4807","targetHints":{"allow":["GET"]}}],"collection":[{"href":"https:\/\/www.albarella.it\/de\/wp-json\/wp\/v2\/pages"}],"about":[{"href":"https:\/\/www.albarella.it\/de\/wp-json\/wp\/v2\/types\/page"}],"author":[{"embeddable":true,"href":"https:\/\/www.albarella.it\/de\/wp-json\/wp\/v2\/users\/6"}],"replies":[{"embeddable":true,"href":"https:\/\/www.albarella.it\/de\/wp-json\/wp\/v2\/comments?post=4807"}],"version-history":[{"count":5,"href":"https:\/\/www.albarella.it\/de\/wp-json\/wp\/v2\/pages\/4807\/revisions"}],"predecessor-version":[{"id":10621,"href":"https:\/\/www.albarella.it\/de\/wp-json\/wp\/v2\/pages\/4807\/revisions\/10621"}],"up":[{"embeddable":true,"href":"https:\/\/www.albarella.it\/de\/wp-json\/wp\/v2\/pages\/5247"}],"wp:featuredmedia":[{"embeddable":true,"href":"https:\/\/www.albarella.it\/de\/wp-json\/wp\/v2\/media\/4808"}],"wp:attachment":[{"href":"https:\/\/www.albarella.it\/de\/wp-json\/wp\/v2\/media?parent=4807"}],"curies":[{"name":"wp","href":"https:\/\/api.w.org\/{rel}","templated":true}]}}