{"id":4775,"date":"2021-01-07T18:32:04","date_gmt":"2021-01-07T17:32:04","guid":{"rendered":"https:\/\/www.albarella.it\/parco-piscine\/"},"modified":"2026-04-03T16:11:00","modified_gmt":"2026-04-03T14:11:00","slug":"das-freibad-auf-albarella","status":"publish","type":"page","link":"https:\/\/www.albarella.it\/de\/erlebnisinsel\/das-freibad-auf-albarella\/","title":{"rendered":"Das Freibad auf Albarella"},"content":{"rendered":"<p>Das \u201eCentro Sportivo\u201c am Strand verf\u00fcgt \u00fcber insgesamt vier Becken, darunter ein 50-Meter-Olympiasportbecken, das f\u00fcr freies Schwimmen, f\u00fcr Einzel- und Gruppenunterricht sowie f\u00fcr Sportveranstaltungen zur Verf\u00fcgung steht.<\/p>\n","protected":false},"excerpt":{"rendered":"<p>Das \u201eCentro Sportivo\u201c am Strand verf\u00fcgt \u00fcber insgesamt vier Becken, darunter ein 50-Meter-Olympiasportbecken, das f\u00fcr freies Schwimmen, f\u00fcr Einzel- und&hellip;<\/p>\n","protected":false},"author":6,"featured_media":4776,"parent":5247,"menu_order":104,"comment_status":"closed","ping_status":"closed","template":"views\/template-sidebar.blade.php","meta":{"_acf_changed":false,"footnotes":""},"class_list":["post-4775","page","type-page","status-publish","has-post-thumbnail","hentry"],"acf":[],"_links":{"self":[{"href":"https:\/\/www.albarella.it\/de\/wp-json\/wp\/v2\/pages\/4775","targetHints":{"allow":["GET"]}}],"collection":[{"href":"https:\/\/www.albarella.it\/de\/wp-json\/wp\/v2\/pages"}],"about":[{"href":"https:\/\/www.albarella.it\/de\/wp-json\/wp\/v2\/types\/page"}],"author":[{"embeddable":true,"href":"https:\/\/www.albarella.it\/de\/wp-json\/wp\/v2\/users\/6"}],"replies":[{"embeddable":true,"href":"https:\/\/www.albarella.it\/de\/wp-json\/wp\/v2\/comments?post=4775"}],"version-history":[{"count":11,"href":"https:\/\/www.albarella.it\/de\/wp-json\/wp\/v2\/pages\/4775\/revisions"}],"predecessor-version":[{"id":21634,"href":"https:\/\/www.albarella.it\/de\/wp-json\/wp\/v2\/pages\/4775\/revisions\/21634"}],"up":[{"embeddable":true,"href":"https:\/\/www.albarella.it\/de\/wp-json\/wp\/v2\/pages\/5247"}],"wp:featuredmedia":[{"embeddable":true,"href":"https:\/\/www.albarella.it\/de\/wp-json\/wp\/v2\/media\/4776"}],"wp:attachment":[{"href":"https:\/\/www.albarella.it\/de\/wp-json\/wp\/v2\/media?parent=4775"}],"curies":[{"name":"wp","href":"https:\/\/api.w.org\/{rel}","templated":true}]}}