{"id":4736,"date":"2021-01-07T18:32:04","date_gmt":"2021-01-07T17:32:04","guid":{"rendered":"https:\/\/www.albarella.it\/albarellaland\/"},"modified":"2022-02-16T14:20:50","modified_gmt":"2022-02-16T13:20:50","slug":"albarellaland-nachhaltiger-freizeitspass-fuer-kinder-und-familien","status":"publish","type":"page","link":"https:\/\/www.albarella.it\/de\/familie\/albarellaland-nachhaltiger-freizeitspass-fuer-kinder-und-familien\/","title":{"rendered":"AlbarellaLand"},"content":{"rendered":"<p>Familienurlaub am Meer: Freizeit- und Abenteuerpark f\u00fcr Kinder jeden Alters mit Seilbahn, H\u00e4ngebr\u00fccke, Riesenschaukel und Kletterparcours.<\/p>\n","protected":false},"excerpt":{"rendered":"<p>Familienurlaub am Meer: Freizeit- und Abenteuerpark f\u00fcr Kinder jeden Alters mit Seilbahn, H\u00e4ngebr\u00fccke, Riesenschaukel und Kletterparcours.<\/p>\n","protected":false},"author":6,"featured_media":3753,"parent":5235,"menu_order":194,"comment_status":"closed","ping_status":"closed","template":"views\/template-sidebar.blade.php","meta":{"_acf_changed":false,"footnotes":""},"class_list":["post-4736","page","type-page","status-publish","has-post-thumbnail","hentry"],"acf":[],"_links":{"self":[{"href":"https:\/\/www.albarella.it\/de\/wp-json\/wp\/v2\/pages\/4736","targetHints":{"allow":["GET"]}}],"collection":[{"href":"https:\/\/www.albarella.it\/de\/wp-json\/wp\/v2\/pages"}],"about":[{"href":"https:\/\/www.albarella.it\/de\/wp-json\/wp\/v2\/types\/page"}],"author":[{"embeddable":true,"href":"https:\/\/www.albarella.it\/de\/wp-json\/wp\/v2\/users\/6"}],"replies":[{"embeddable":true,"href":"https:\/\/www.albarella.it\/de\/wp-json\/wp\/v2\/comments?post=4736"}],"version-history":[{"count":4,"href":"https:\/\/www.albarella.it\/de\/wp-json\/wp\/v2\/pages\/4736\/revisions"}],"predecessor-version":[{"id":10677,"href":"https:\/\/www.albarella.it\/de\/wp-json\/wp\/v2\/pages\/4736\/revisions\/10677"}],"up":[{"embeddable":true,"href":"https:\/\/www.albarella.it\/de\/wp-json\/wp\/v2\/pages\/5235"}],"wp:featuredmedia":[{"embeddable":true,"href":"https:\/\/www.albarella.it\/de\/wp-json\/wp\/v2\/media\/3753"}],"wp:attachment":[{"href":"https:\/\/www.albarella.it\/de\/wp-json\/wp\/v2\/media?parent=4736"}],"curies":[{"name":"wp","href":"https:\/\/api.w.org\/{rel}","templated":true}]}}