{"id":4721,"date":"2021-03-11T11:44:46","date_gmt":"2021-03-11T10:44:46","guid":{"rendered":"https:\/\/www.albarella.it\/animazione\/"},"modified":"2025-05-26T10:01:49","modified_gmt":"2025-05-26T08:01:49","slug":"ferien-am-meer-mit-tages-und-abendprogramm","status":"publish","type":"page","link":"https:\/\/www.albarella.it\/de\/familie\/ferien-am-meer-mit-tages-und-abendprogramm\/","title":{"rendered":"Tages- und Abendprogramm"},"content":{"rendered":"<p>Wenn Sie einen Aufenthalt bei uns buchen, k\u00f6nnen Sie unsere kompletten Freizeitangebote in Anspruch nehmen. Unser professionelles Animationsteam bietet zu jeder Tageszeit ein abwechslungsreiches Programm f\u00fcr alle Altersgruppen: Ein Rundum-Sorglos-Paket mit jeder Menge Spiel, Spa\u00df und Erholung f\u00fcr Kinder, Jugendliche und Erwachsene.<\/p>\n","protected":false},"excerpt":{"rendered":"<p>Wenn Sie einen Aufenthalt bei uns buchen, k\u00f6nnen Sie unsere kompletten Freizeitangebote in Anspruch nehmen. Unser professionelles Animationsteam bietet zu&hellip;<\/p>\n","protected":false},"author":6,"featured_media":4722,"parent":5235,"menu_order":184,"comment_status":"closed","ping_status":"closed","template":"views\/template-sidebar.blade.php","meta":{"_acf_changed":false,"footnotes":""},"class_list":["post-4721","page","type-page","status-publish","has-post-thumbnail","hentry"],"acf":[],"_links":{"self":[{"href":"https:\/\/www.albarella.it\/de\/wp-json\/wp\/v2\/pages\/4721","targetHints":{"allow":["GET"]}}],"collection":[{"href":"https:\/\/www.albarella.it\/de\/wp-json\/wp\/v2\/pages"}],"about":[{"href":"https:\/\/www.albarella.it\/de\/wp-json\/wp\/v2\/types\/page"}],"author":[{"embeddable":true,"href":"https:\/\/www.albarella.it\/de\/wp-json\/wp\/v2\/users\/6"}],"replies":[{"embeddable":true,"href":"https:\/\/www.albarella.it\/de\/wp-json\/wp\/v2\/comments?post=4721"}],"version-history":[{"count":21,"href":"https:\/\/www.albarella.it\/de\/wp-json\/wp\/v2\/pages\/4721\/revisions"}],"predecessor-version":[{"id":19975,"href":"https:\/\/www.albarella.it\/de\/wp-json\/wp\/v2\/pages\/4721\/revisions\/19975"}],"up":[{"embeddable":true,"href":"https:\/\/www.albarella.it\/de\/wp-json\/wp\/v2\/pages\/5235"}],"wp:featuredmedia":[{"embeddable":true,"href":"https:\/\/www.albarella.it\/de\/wp-json\/wp\/v2\/media\/4722"}],"wp:attachment":[{"href":"https:\/\/www.albarella.it\/de\/wp-json\/wp\/v2\/media?parent=4721"}],"curies":[{"name":"wp","href":"https:\/\/api.w.org\/{rel}","templated":true}]}}