{"id":4528,"date":"2021-01-07T18:32:04","date_gmt":"2021-01-07T17:32:04","guid":{"rendered":"https:\/\/www.albarella.it\/liberta-e-sicurezza\/"},"modified":"2022-02-16T14:07:28","modified_gmt":"2022-02-16T13:07:28","slug":"entspannter-und-sicherer-familienurlaub-am-meer","status":"publish","type":"page","link":"https:\/\/www.albarella.it\/de\/familie\/entspannter-und-sicherer-familienurlaub-am-meer\/","title":{"rendered":"Entspannter und sicherer Familienurlaub"},"content":{"rendered":"<p>Wer Albarella mit seiner Familie besucht, versp\u00fcrt vom ersten Tag an ein Sicherheitsgef\u00fchl. Das garantiert eine entspannte, unbeschwerte Auszeit f\u00fcr alle.<\/p>\n","protected":false},"excerpt":{"rendered":"<p>Wer Albarella mit seiner Familie besucht, versp\u00fcrt vom ersten Tag an ein Sicherheitsgef\u00fchl. Das garantiert eine entspannte, unbeschwerte Auszeit f\u00fcr&hellip;<\/p>\n","protected":false},"author":6,"featured_media":4529,"parent":5235,"menu_order":179,"comment_status":"closed","ping_status":"closed","template":"views\/template-sidebar.blade.php","meta":{"_acf_changed":false,"footnotes":""},"class_list":["post-4528","page","type-page","status-publish","has-post-thumbnail","hentry"],"acf":[],"_links":{"self":[{"href":"https:\/\/www.albarella.it\/de\/wp-json\/wp\/v2\/pages\/4528","targetHints":{"allow":["GET"]}}],"collection":[{"href":"https:\/\/www.albarella.it\/de\/wp-json\/wp\/v2\/pages"}],"about":[{"href":"https:\/\/www.albarella.it\/de\/wp-json\/wp\/v2\/types\/page"}],"author":[{"embeddable":true,"href":"https:\/\/www.albarella.it\/de\/wp-json\/wp\/v2\/users\/6"}],"replies":[{"embeddable":true,"href":"https:\/\/www.albarella.it\/de\/wp-json\/wp\/v2\/comments?post=4528"}],"version-history":[{"count":6,"href":"https:\/\/www.albarella.it\/de\/wp-json\/wp\/v2\/pages\/4528\/revisions"}],"predecessor-version":[{"id":10663,"href":"https:\/\/www.albarella.it\/de\/wp-json\/wp\/v2\/pages\/4528\/revisions\/10663"}],"up":[{"embeddable":true,"href":"https:\/\/www.albarella.it\/de\/wp-json\/wp\/v2\/pages\/5235"}],"wp:featuredmedia":[{"embeddable":true,"href":"https:\/\/www.albarella.it\/de\/wp-json\/wp\/v2\/media\/4529"}],"wp:attachment":[{"href":"https:\/\/www.albarella.it\/de\/wp-json\/wp\/v2\/media?parent=4528"}],"curies":[{"name":"wp","href":"https:\/\/api.w.org\/{rel}","templated":true}]}}