{"id":4488,"date":"2021-01-07T18:32:04","date_gmt":"2021-01-07T17:32:04","guid":{"rendered":"https:\/\/www.albarella.it\/nuoto\/"},"modified":"2024-05-07T16:45:58","modified_gmt":"2024-05-07T14:45:58","slug":"schwimmen-auf-albarella","status":"publish","type":"page","link":"https:\/\/www.albarella.it\/de\/sport\/schwimmen-auf-albarella\/","title":{"rendered":"Schwimmen auf Albarella"},"content":{"rendered":"<p>Freuen Sie sich auf ein 50-Meter-Olympia-Sportbecken, zwei Kinder- und Anf\u00e4ngerbecken, die offenen Gew\u00e4sser der Fjorde und dem Meer sowie weiteren Relax-Pools: Die Insel Albarella ist das perfekte Urlaubsziel f\u00fcr alle, die auch im Urlaub auf das Training nicht verzichten m\u00f6chten oder einfach nur Spa\u00df am Schwimmen haben.<\/p>\n","protected":false},"excerpt":{"rendered":"<p>Freuen Sie sich auf ein 50-Meter-Olympia-Sportbecken, zwei Kinder- und Anf\u00e4ngerbecken, die offenen Gew\u00e4sser der Fjorde und dem Meer sowie weiteren&hellip;<\/p>\n","protected":false},"author":6,"featured_media":4489,"parent":5227,"menu_order":158,"comment_status":"closed","ping_status":"closed","template":"views\/template-sidebar.blade.php","meta":{"_acf_changed":false,"footnotes":""},"class_list":["post-4488","page","type-page","status-publish","has-post-thumbnail","hentry"],"acf":[],"_links":{"self":[{"href":"https:\/\/www.albarella.it\/de\/wp-json\/wp\/v2\/pages\/4488","targetHints":{"allow":["GET"]}}],"collection":[{"href":"https:\/\/www.albarella.it\/de\/wp-json\/wp\/v2\/pages"}],"about":[{"href":"https:\/\/www.albarella.it\/de\/wp-json\/wp\/v2\/types\/page"}],"author":[{"embeddable":true,"href":"https:\/\/www.albarella.it\/de\/wp-json\/wp\/v2\/users\/6"}],"replies":[{"embeddable":true,"href":"https:\/\/www.albarella.it\/de\/wp-json\/wp\/v2\/comments?post=4488"}],"version-history":[{"count":7,"href":"https:\/\/www.albarella.it\/de\/wp-json\/wp\/v2\/pages\/4488\/revisions"}],"predecessor-version":[{"id":18139,"href":"https:\/\/www.albarella.it\/de\/wp-json\/wp\/v2\/pages\/4488\/revisions\/18139"}],"up":[{"embeddable":true,"href":"https:\/\/www.albarella.it\/de\/wp-json\/wp\/v2\/pages\/5227"}],"wp:featuredmedia":[{"embeddable":true,"href":"https:\/\/www.albarella.it\/de\/wp-json\/wp\/v2\/media\/4489"}],"wp:attachment":[{"href":"https:\/\/www.albarella.it\/de\/wp-json\/wp\/v2\/media?parent=4488"}],"curies":[{"name":"wp","href":"https:\/\/api.w.org\/{rel}","templated":true}]}}