{"id":4455,"date":"2021-01-07T18:32:04","date_gmt":"2021-01-07T17:32:04","guid":{"rendered":"https:\/\/www.albarella.it\/tennis\/"},"modified":"2022-02-16T11:01:30","modified_gmt":"2022-02-16T10:01:30","slug":"tennis-im-urlaub-zwischen-meer-und-natur","status":"publish","type":"page","link":"https:\/\/www.albarella.it\/de\/sport\/tennis-im-urlaub-zwischen-meer-und-natur\/","title":{"rendered":"Tennis im Urlaub, zwischen Meer und Natur"},"content":{"rendered":"<p>Die Insel Albarella bietet 24 Tennispl\u00e4tze mit rotem Ziegelmehlbelag f\u00fcr Ihren Fitnessurlaub am Meer. Die Tennispl\u00e4tze sind \u00fcber die ganze Insel verteilt und befinden sich in sch\u00f6nsten Lagen. Dank der beleuchteten Anlagen sind auch Nachtspiele m\u00f6glich.<\/p>\n","protected":false},"excerpt":{"rendered":"<p>Die Insel Albarella bietet 24 Tennispl\u00e4tze mit rotem Ziegelmehlbelag f\u00fcr Ihren Fitnessurlaub am Meer. Die Tennispl\u00e4tze sind \u00fcber die ganze&hellip;<\/p>\n","protected":false},"author":6,"featured_media":4456,"parent":5227,"menu_order":150,"comment_status":"closed","ping_status":"closed","template":"views\/template-sidebar.blade.php","meta":{"_acf_changed":false,"footnotes":""},"class_list":["post-4455","page","type-page","status-publish","has-post-thumbnail","hentry"],"acf":[],"_links":{"self":[{"href":"https:\/\/www.albarella.it\/de\/wp-json\/wp\/v2\/pages\/4455","targetHints":{"allow":["GET"]}}],"collection":[{"href":"https:\/\/www.albarella.it\/de\/wp-json\/wp\/v2\/pages"}],"about":[{"href":"https:\/\/www.albarella.it\/de\/wp-json\/wp\/v2\/types\/page"}],"author":[{"embeddable":true,"href":"https:\/\/www.albarella.it\/de\/wp-json\/wp\/v2\/users\/6"}],"replies":[{"embeddable":true,"href":"https:\/\/www.albarella.it\/de\/wp-json\/wp\/v2\/comments?post=4455"}],"version-history":[{"count":6,"href":"https:\/\/www.albarella.it\/de\/wp-json\/wp\/v2\/pages\/4455\/revisions"}],"predecessor-version":[{"id":10610,"href":"https:\/\/www.albarella.it\/de\/wp-json\/wp\/v2\/pages\/4455\/revisions\/10610"}],"up":[{"embeddable":true,"href":"https:\/\/www.albarella.it\/de\/wp-json\/wp\/v2\/pages\/5227"}],"wp:featuredmedia":[{"embeddable":true,"href":"https:\/\/www.albarella.it\/de\/wp-json\/wp\/v2\/media\/4456"}],"wp:attachment":[{"href":"https:\/\/www.albarella.it\/de\/wp-json\/wp\/v2\/media?parent=4455"}],"curies":[{"name":"wp","href":"https:\/\/api.w.org\/{rel}","templated":true}]}}