{"id":4416,"date":"2021-01-07T18:32:04","date_gmt":"2021-01-07T17:32:04","guid":{"rendered":"https:\/\/www.albarella.it\/golf\/"},"modified":"2024-11-11T15:40:07","modified_gmt":"2024-11-11T14:40:07","slug":"albarella-golf-links-direkt-am-meer","status":"publish","type":"page","link":"https:\/\/www.albarella.it\/de\/sport\/albarella-golf-links-direkt-am-meer\/","title":{"rendered":"Albarella Golf-Links direkt am Meer"},"content":{"rendered":"<p>Der von John Harris gestaltete 18-Loch-Golfplatz bietet das Flair der schottischen Link-Pl\u00e4tze direkt an der K\u00fcste. Dank seiner Lage mitten in der Natur des Po-Deltas lassen sich auf dem Gel\u00e4nde freilebende Damhirsche und Fasane beobachtet. Der Golfplatz verf\u00fcgt \u00fcber eine \u00dcbungsanlage f\u00fcr Anf\u00e4nger und ist auch im Winter ge\u00f6ffnet.<\/p>\n","protected":false},"excerpt":{"rendered":"<p>Der von John Harris gestaltete 18-Loch-Golfplatz bietet das Flair der schottischen Link-Pl\u00e4tze direkt an der K\u00fcste. Dank seiner Lage mitten&hellip;<\/p>\n","protected":false},"author":6,"featured_media":4418,"parent":5227,"menu_order":144,"comment_status":"closed","ping_status":"closed","template":"views\/template-sidebar.blade.php","meta":{"_acf_changed":false,"footnotes":""},"class_list":["post-4416","page","type-page","status-publish","has-post-thumbnail","hentry"],"acf":[],"_links":{"self":[{"href":"https:\/\/www.albarella.it\/de\/wp-json\/wp\/v2\/pages\/4416","targetHints":{"allow":["GET"]}}],"collection":[{"href":"https:\/\/www.albarella.it\/de\/wp-json\/wp\/v2\/pages"}],"about":[{"href":"https:\/\/www.albarella.it\/de\/wp-json\/wp\/v2\/types\/page"}],"author":[{"embeddable":true,"href":"https:\/\/www.albarella.it\/de\/wp-json\/wp\/v2\/users\/6"}],"replies":[{"embeddable":true,"href":"https:\/\/www.albarella.it\/de\/wp-json\/wp\/v2\/comments?post=4416"}],"version-history":[{"count":10,"href":"https:\/\/www.albarella.it\/de\/wp-json\/wp\/v2\/pages\/4416\/revisions"}],"predecessor-version":[{"id":18887,"href":"https:\/\/www.albarella.it\/de\/wp-json\/wp\/v2\/pages\/4416\/revisions\/18887"}],"up":[{"embeddable":true,"href":"https:\/\/www.albarella.it\/de\/wp-json\/wp\/v2\/pages\/5227"}],"wp:featuredmedia":[{"embeddable":true,"href":"https:\/\/www.albarella.it\/de\/wp-json\/wp\/v2\/media\/4418"}],"wp:attachment":[{"href":"https:\/\/www.albarella.it\/de\/wp-json\/wp\/v2\/media?parent=4416"}],"curies":[{"name":"wp","href":"https:\/\/api.w.org\/{rel}","templated":true}]}}