{"id":13861,"date":"2023-03-03T14:18:04","date_gmt":"2023-03-03T13:18:04","guid":{"rendered":"https:\/\/www.albarella.it\/?page_id=13861"},"modified":"2024-02-20T15:24:34","modified_gmt":"2024-02-20T14:24:34","slug":"urlaub-meer-mit-hund","status":"publish","type":"page","link":"https:\/\/www.albarella.it\/de\/ihre-unterkunft\/urlaub-meer-mit-hund\/","title":{"rendered":"Hundefreundlicher Urlaub"},"content":{"rendered":"<p>Wer einen \u201cvierbeinigen Freund\u201d hat, kann seine Koffer packen und sich auf ein sch\u00f6nes Wochenende freuen oder bereits seinen Urlaub planen. Es gibt jede Menge Sport und Spa\u00df f\u00fcr Ihren Vierbeiner und die ganze Familie: Von AquaDog \u00fcber Agility bis hin zu diversen Aktivit\u00e4ten k\u00f6nnen mit Ihrem geliebten Vierbeiner geteilt werden.<\/p>\n","protected":false},"excerpt":{"rendered":"<p>Wer einen \u201cvierbeinigen Freund\u201d hat, kann seine Koffer packen und sich auf ein sch\u00f6nes Wochenende freuen oder bereits seinen Urlaub&hellip;<\/p>\n","protected":false},"author":4,"featured_media":0,"parent":5630,"menu_order":174,"comment_status":"closed","ping_status":"closed","template":"views\/template-sidebar.blade.php","meta":{"_acf_changed":false,"footnotes":""},"class_list":["post-13861","page","type-page","status-publish","hentry"],"acf":[],"_links":{"self":[{"href":"https:\/\/www.albarella.it\/de\/wp-json\/wp\/v2\/pages\/13861","targetHints":{"allow":["GET"]}}],"collection":[{"href":"https:\/\/www.albarella.it\/de\/wp-json\/wp\/v2\/pages"}],"about":[{"href":"https:\/\/www.albarella.it\/de\/wp-json\/wp\/v2\/types\/page"}],"author":[{"embeddable":true,"href":"https:\/\/www.albarella.it\/de\/wp-json\/wp\/v2\/users\/4"}],"replies":[{"embeddable":true,"href":"https:\/\/www.albarella.it\/de\/wp-json\/wp\/v2\/comments?post=13861"}],"version-history":[{"count":8,"href":"https:\/\/www.albarella.it\/de\/wp-json\/wp\/v2\/pages\/13861\/revisions"}],"predecessor-version":[{"id":17548,"href":"https:\/\/www.albarella.it\/de\/wp-json\/wp\/v2\/pages\/13861\/revisions\/17548"}],"up":[{"embeddable":true,"href":"https:\/\/www.albarella.it\/de\/wp-json\/wp\/v2\/pages\/5630"}],"wp:attachment":[{"href":"https:\/\/www.albarella.it\/de\/wp-json\/wp\/v2\/media?parent=13861"}],"curies":[{"name":"wp","href":"https:\/\/api.w.org\/{rel}","templated":true}]}}