{"id":11311,"date":"2022-03-08T16:45:51","date_gmt":"2022-03-08T15:45:51","guid":{"rendered":"https:\/\/www.albarella.it\/?page_id=11311"},"modified":"2022-03-08T16:48:08","modified_gmt":"2022-03-08T15:48:08","slug":"entdecken-sie-albarella","status":"publish","type":"page","link":"https:\/\/www.albarella.it\/de\/entdecken-sie-albarella\/","title":{"rendered":"Entdecken Sie Albarella"},"content":{"rendered":"<p>Die Insel liegt mitten im Naturparadies des Po-Deltas und ist durch eine Dammstra\u00dfe mit dem Festland verbunden. Sie erstreckt sich \u00fcber eine Fl\u00e4che von 528 Hektar mit typisch mediterraner Vegetation. Ihr Baumbestand z\u00e4hlt zwei Millionen B\u00e4ume und 150 Baumarten, darunter die Strandkiefer und die Silberpappel (lat. Populus alba), nach der die Insel benannt ist. Als ideales Ziel f\u00fcr Aktivurlauber und Familienurlaube bietet sie dank eines vielf\u00e4ltigen Serviceangebots und der Sicherheit eines kontrollierten Zugangs einen unvergesslichen Urlaub.<\/p>\n","protected":false},"excerpt":{"rendered":"<p>Die Insel liegt mitten im Naturparadies des Po-Deltas und ist durch eine Dammstra\u00dfe mit dem Festland verbunden. Sie erstreckt sich&hellip;<\/p>\n","protected":false},"author":6,"featured_media":5006,"parent":0,"menu_order":45,"comment_status":"closed","ping_status":"closed","template":"views\/template-sidebar.blade.php","meta":{"_acf_changed":false,"footnotes":""},"class_list":["post-11311","page","type-page","status-publish","has-post-thumbnail","hentry"],"acf":[],"_links":{"self":[{"href":"https:\/\/www.albarella.it\/de\/wp-json\/wp\/v2\/pages\/11311","targetHints":{"allow":["GET"]}}],"collection":[{"href":"https:\/\/www.albarella.it\/de\/wp-json\/wp\/v2\/pages"}],"about":[{"href":"https:\/\/www.albarella.it\/de\/wp-json\/wp\/v2\/types\/page"}],"author":[{"embeddable":true,"href":"https:\/\/www.albarella.it\/de\/wp-json\/wp\/v2\/users\/6"}],"replies":[{"embeddable":true,"href":"https:\/\/www.albarella.it\/de\/wp-json\/wp\/v2\/comments?post=11311"}],"version-history":[{"count":1,"href":"https:\/\/www.albarella.it\/de\/wp-json\/wp\/v2\/pages\/11311\/revisions"}],"predecessor-version":[{"id":11315,"href":"https:\/\/www.albarella.it\/de\/wp-json\/wp\/v2\/pages\/11311\/revisions\/11315"}],"wp:featuredmedia":[{"embeddable":true,"href":"https:\/\/www.albarella.it\/de\/wp-json\/wp\/v2\/media\/5006"}],"wp:attachment":[{"href":"https:\/\/www.albarella.it\/de\/wp-json\/wp\/v2\/media?parent=11311"}],"curies":[{"name":"wp","href":"https:\/\/api.w.org\/{rel}","templated":true}]}}